{"id":8365,"date":"2021-11-23T18:34:18","date_gmt":"2021-11-23T21:34:18","guid":{"rendered":"http:\/\/www.petelekoescola.com.br\/colegio-em-joinville\/?page_id=8365"},"modified":"2022-09-15T09:21:43","modified_gmt":"2022-09-15T12:21:43","slug":"atividades-extracurriculares","status":"publish","type":"page","link":"https:\/\/www.petelekoescola.com.br\/colegio-em-joinville\/colegio-em-joinville\/atividades-extracurriculares\/","title":{"rendered":"Atividades Extracurriculares"},"content":{"rendered":"<!--themify_builder_content-->\n<div id=\"themify_builder_content-8365\" data-postid=\"8365\" class=\"themify_builder_content themify_builder_content-8365 themify_builder tf_clear\">\n    \t<!-- module_row -->\n\t<div  data-css_id=\"bitb841\" data-lazy=\"1\" class=\"module_row themify_builder_row repeat fullwidth tb_bitb841 tb_first tf_clearfix\" >\n\t    \t\t<div class=\"row_inner col_align_bottom col-count-1 tf_box tf_w tf_rel\">\n\t\t\t<div  data-lazy=\"1\" class=\"module_column tb-column col-full first tb_iaku843 tf_box\">\n\t\t\t    \t        <div class=\"tb-column-inner tf_box tf_w\">\n\t\t    \t<div  data-lazy=\"1\" class=\"module_subrow themify_builder_sub_row tb_xqkb879 tf_w tf_clearfix\">\n\t    \t\t<div class=\"subrow_inner col_align_top col-count-1 tf_box tf_w\">\n\t\t\t<div  data-lazy=\"1\" class=\"sub_column module_column tf_box col-full first tb_eoee880\"> \n\t    \t    \t        <div class=\"tb-column-inner tf_box tf_w\">\n\t\t    <!-- module image -->\n<div  class=\"module module-image tb_vzsh336 circle  image-center tf_mw\" data-lazy=\"1\">\n        <div class=\"image-wrap tf_rel tf_mw\">\n\t\t    <img loading=\"lazy\" decoding=\"async\" src=\"http:\/\/www.petelekoescola.com.br\/colegio-em-joinville\/wp-content\/uploads\/2021\/11\/Kindergarten-28.png\" width=\"120\" height=\"120\" title=\"Atividades Extracurriculares\" alt=\"Atividades Extracurriculares\">\t\n\t\t<\/div>\n\t<!-- \/image-wrap -->\n    \n    \t<div class=\"image-content\">\n\t    \t\t\t<h3 class=\"image-title\">\n\t\t\t\t\t\t\t\t\tAtividades Extracurriculares\t\t\t\t\t\t\t<\/h3>\n\t    \n\t    \t<\/div>\n\t<!-- \/image-content -->\n    \t<\/div>\n<!-- \/module image -->\t        <\/div>\n\t    \t<\/div>\n\t\t    <\/div>\n\t<\/div><!-- \/themify_builder_sub_row -->\n\t<!-- module text -->\n<div  class=\"module module-text tb_bia0687   \" data-lazy=\"1\">\n        <div  class=\"tb_text_wrap\">\n    <p style=\"text-align: center;\">Nossa miss\u00e3o \u00e9 despertar nas crian\u00e7as o gosto pelas descobertas, pela conviv\u00eancia e pelo saber, valorizando suas individualidades.<\/p>    <\/div>\n<\/div>\n<!-- \/module text -->\t        <\/div>\n\t    \t<\/div>\n\t\t    <\/div>\n\t    <!-- \/row_inner -->\n\t<\/div>\n\t<!-- \/module_row -->\n\t\t<!-- module_row -->\n\t<div  data-lazy=\"1\" class=\"module_row themify_builder_row tb_qdx8253 tf_clearfix\" >\n\t    \t\t<div class=\"row_inner col_align_top col-count-2 tf_box tf_w tf_rel\">\n\t\t\t<div  data-lazy=\"1\" class=\"module_column tb-column col4-2 first tb_zcgc253 tf_box\">\n\t\t\t    \t        <div class=\"tb-column-inner tf_box tf_w\">\n\t\t    <!-- module gallery -->\n<div  class=\"module gallery module-gallery tb_ksb4951 layout-slider  \" data-lazy=\"1\">\n                <div class=\"themify_builder_slider_vertical tf_rel\">\n    <div class=\"tf_swiper-container tf_carousel themify_builder_slider themify_builder_slider_vertical tf_rel tf_overflow\"\n\tdata-pager=\"0\"\n\t data-lazy=\"1\"\t\t\tdata-thumbs=\"tb_ksb4951_thumbs\"\n\t\tdata-effect=\"scroll\" \n\t\tdata-css_url=\"https:\/\/www.petelekoescola.com.br\/colegio-em-joinville\/wp-content\/themes\/themify-ultra\/themify\/themify-builder\/css\/modules\/sliders\/carousel.css,https:\/\/www.petelekoescola.com.br\/colegio-em-joinville\/wp-content\/themes\/themify-ultra\/themify\/themify-builder\/css\/modules\/sliders\/gallery.css\"\n\t\t\t\tdata-auto=\"2\"\n\t\tdata-pause_hover=\"1\"\n\t\t\t\t\tdata-controller=\"0\"\n\t\t\t\tdata-speed=\"1\"\n\tdata-wrapvar=\"0\"\n\tdata-slider_nav=\"1\"\n\tdata-height=\"variable\"\n\t>\n\t<div class=\"tf_swiper-wrapper tf_lazy tf_rel tf_w tf_h tf_textc\">\n\t\t\t\t\t<div class=\"tf_swiper-slide\">\n\t\t\t<div class=\"slide-inner-wrap\">\n\t\t\t\t<div class=\"tf_lazy slide-image gallery-icon\"><a href=\"https:\/\/www.petelekoescola.com.br\/colegio-em-joinville\/wp-content\/uploads\/2022\/09\/Aulas-Extracurriculares-Ballet-no-Colegio-em-Joinville-Peteleko.jpg\" class=\"themify_lightbox\"><img decoding=\"async\" src=\"https:\/\/www.petelekoescola.com.br\/colegio-em-joinville\/wp-content\/uploads\/2022\/09\/Aulas-Extracurriculares-Ballet-no-Colegio-em-Joinville-Peteleko-560x420.jpg\" height=\"420\" class=\"wp-post-image wp-image-8928\" title=\"Aulas Extracurriculares - Ballet no Col\u00e9gio em Joinville Peteleko\" data-tf-not-load=\"1\" alt=\"Aulas Extracurriculares - Ballet no Col\u00e9gio em Joinville Peteleko\" srcset=\"https:\/\/www.petelekoescola.com.br\/colegio-em-joinville\/wp-content\/uploads\/2022\/09\/Aulas-Extracurriculares-Ballet-no-Colegio-em-Joinville-Peteleko-560x420.jpg 560w, https:\/\/www.petelekoescola.com.br\/colegio-em-joinville\/wp-content\/uploads\/2022\/09\/Aulas-Extracurriculares-Ballet-no-Colegio-em-Joinville-Peteleko-300x225.jpg 300w, https:\/\/www.petelekoescola.com.br\/colegio-em-joinville\/wp-content\/uploads\/2022\/09\/Aulas-Extracurriculares-Ballet-no-Colegio-em-Joinville-Peteleko-768x576.jpg 768w, https:\/\/www.petelekoescola.com.br\/colegio-em-joinville\/wp-content\/uploads\/2022\/09\/Aulas-Extracurriculares-Ballet-no-Colegio-em-Joinville-Peteleko.jpg 1000w\" sizes=\"(max-width: 560px) 100vw, 560px\" \/><\/a>\t\t\t\t<\/div>\n\t\t\t\t\t\t\t<\/div><\/div>\n\t\t\t\t\t<div class=\"tf_swiper-slide\">\n\t\t\t<div class=\"slide-inner-wrap\">\n\t\t\t\t<div class=\"tf_lazy slide-image gallery-icon\"><a href=\"https:\/\/www.petelekoescola.com.br\/colegio-em-joinville\/wp-content\/uploads\/2022\/09\/Aulas-Extracurriculares-Jazz-no-Colegio-em-Joinville-Peteleko.jpg\" class=\"themify_lightbox\"><img decoding=\"async\" src=\"https:\/\/www.petelekoescola.com.br\/colegio-em-joinville\/wp-content\/uploads\/2022\/09\/Aulas-Extracurriculares-Jazz-no-Colegio-em-Joinville-Peteleko-560x420.jpg\" height=\"420\" class=\"wp-post-image wp-image-8929\" title=\"Aulas Extracurriculares -Jazz no Col\u00e9gio em Joinville Peteleko\" data-tf-not-load=\"1\" alt=\"Aulas Extracurriculares -Jazz no Col\u00e9gio em Joinville Peteleko\" srcset=\"https:\/\/www.petelekoescola.com.br\/colegio-em-joinville\/wp-content\/uploads\/2022\/09\/Aulas-Extracurriculares-Jazz-no-Colegio-em-Joinville-Peteleko-560x420.jpg 560w, https:\/\/www.petelekoescola.com.br\/colegio-em-joinville\/wp-content\/uploads\/2022\/09\/Aulas-Extracurriculares-Jazz-no-Colegio-em-Joinville-Peteleko-300x225.jpg 300w, https:\/\/www.petelekoescola.com.br\/colegio-em-joinville\/wp-content\/uploads\/2022\/09\/Aulas-Extracurriculares-Jazz-no-Colegio-em-Joinville-Peteleko-768x576.jpg 768w, https:\/\/www.petelekoescola.com.br\/colegio-em-joinville\/wp-content\/uploads\/2022\/09\/Aulas-Extracurriculares-Jazz-no-Colegio-em-Joinville-Peteleko.jpg 1000w\" sizes=\"(max-width: 560px) 100vw, 560px\" \/><\/a>\t\t\t\t<\/div>\n\t\t\t\t\t\t\t<\/div><\/div>\n\t\t\t<\/div>\n<\/div>\n            <\/div>\n    <\/div>\n<!-- \/module gallery -->\t        <\/div>\n\t    \t<\/div>\n\t\t<div  data-lazy=\"1\" class=\"module_column tb-column col4-2 last tb_6n4u465 tf_box\">\n\t\t\t    \t        <div class=\"tb-column-inner tf_box tf_w\">\n\t\t    <!-- module text -->\n<div  class=\"module module-text tb_gzrt662   \" data-lazy=\"1\">\n        <div  class=\"tb_text_wrap\">\n    <p style=\"text-align: center;\"><span style=\"color: #4b567d;\">Ballet\/Jazz<\/span><\/p>    <\/div>\n<\/div>\n<!-- \/module text --><!-- module text -->\n<div  class=\"module module-text tb_8r0o899   \" data-lazy=\"1\">\n        <div  class=\"tb_text_wrap\">\n    <p style=\"color: #777777; font-family: Raleway; font-size: 13px;\"> <\/p>\n<p style=\"margin-bottom: 0px; color: #777777; font-family: Raleway; font-size: 13px;\"><strong>Objetivo geral<\/strong> \u2013 Desenvolver o gosto pelas artes num todo: dan\u00e7a, m\u00fasica, teatro e interpreta\u00e7\u00e3o. Procurar mostrar que a delicadeza, gentileza e organiza\u00e7\u00e3o s\u00e3o importantes para que o grupo desenvolva todas as suas habilidades.<\/p>    <\/div>\n<\/div>\n<!-- \/module text -->\t        <\/div>\n\t    \t<\/div>\n\t\t    <\/div>\n\t    <!-- \/row_inner -->\n\t<\/div>\n\t<!-- \/module_row -->\n\t\t<!-- module_row -->\n\t<div  data-lazy=\"1\" class=\"module_row themify_builder_row tb_bfqd76 tf_clearfix\" >\n\t    \t\t<div class=\"row_inner col_align_top col-count-2 tf_box tf_w tf_rel\">\n\t\t\t<div  data-lazy=\"1\" class=\"module_column tb-column col4-2 first tb_l3th76 tf_box\">\n\t\t\t    \t        <div class=\"tb-column-inner tf_box tf_w\">\n\t\t    <!-- module image -->\n<div  class=\"module module-image tb_d6x776   image-top tf_mw\" data-lazy=\"1\">\n        <div class=\"image-wrap tf_rel tf_mw\">\n\t\t    <img loading=\"lazy\" decoding=\"async\" width=\"1000\" height=\"750\" src=\"https:\/\/www.petelekoescola.com.br\/colegio-em-joinville\/wp-content\/uploads\/2022\/09\/Aulas-Extracurriculares-Capoeira-no-Colegio-em-Joinville-Peteleko.jpg\" class=\"wp-post-image wp-image-8930\" title=\"Aulas Extracurriculares -Capoeira no Col\u00e9gio em Joinville Peteleko\" alt=\"Aulas Extracurriculares -Capoeira no Col\u00e9gio em Joinville Peteleko\" srcset=\"https:\/\/www.petelekoescola.com.br\/colegio-em-joinville\/wp-content\/uploads\/2022\/09\/Aulas-Extracurriculares-Capoeira-no-Colegio-em-Joinville-Peteleko.jpg 1000w, https:\/\/www.petelekoescola.com.br\/colegio-em-joinville\/wp-content\/uploads\/2022\/09\/Aulas-Extracurriculares-Capoeira-no-Colegio-em-Joinville-Peteleko-300x225.jpg 300w, https:\/\/www.petelekoescola.com.br\/colegio-em-joinville\/wp-content\/uploads\/2022\/09\/Aulas-Extracurriculares-Capoeira-no-Colegio-em-Joinville-Peteleko-768x576.jpg 768w\" sizes=\"(max-width: 1000px) 100vw, 1000px\" \/>\t\n\t\t<\/div>\n\t<!-- \/image-wrap -->\n    \n    \t<\/div>\n<!-- \/module image -->\t        <\/div>\n\t    \t<\/div>\n\t\t<div  data-lazy=\"1\" class=\"module_column tb-column col4-2 last tb_axj2418 tf_box\">\n\t\t\t    \t        <div class=\"tb-column-inner tf_box tf_w\">\n\t\t    <!-- module text -->\n<div  class=\"module module-text tb_kuku76   \" data-lazy=\"1\">\n        <div  class=\"tb_text_wrap\">\n    <p style=\"text-align: center;\"><span style=\"color: #4b567d;\">Capoeira<\/span><\/p>    <\/div>\n<\/div>\n<!-- \/module text --><!-- module text -->\n<div  class=\"module module-text tb_n1yu76   \" data-lazy=\"1\">\n        <div  class=\"tb_text_wrap\">\n    <p style=\"color: #777777; font-family: Raleway; font-size: 13px;\"> <\/p>\n<p style=\"margin-bottom: 0px; color: #777777; font-family: Raleway; font-size: 13px;\"><strong>Objetivo geral:<\/strong> Atrav\u00e9s do ensino e da pr\u00e1tica da capoeira, auxiliar o aluno nos aspectos biopsicossociais e seguros para as suas viv\u00eancias pessoais.<br>As atividades s\u00e3o desenvolvidas dentro da escola utilizando a m\u00fasica, cantigas de rodas, dramatiza\u00e7\u00f5es, que integrados estimulam entre outros, aspectos perceptivos, motores e sociais.<\/p>    <\/div>\n<\/div>\n<!-- \/module text -->\t        <\/div>\n\t    \t<\/div>\n\t\t    <\/div>\n\t    <!-- \/row_inner -->\n\t<\/div>\n\t<!-- \/module_row -->\n\t\t<!-- module_row -->\n\t<div  data-lazy=\"1\" class=\"module_row themify_builder_row tb_dnli346 tf_clearfix\" >\n\t    \t\t<div class=\"row_inner col_align_top col-count-2 tf_box tf_w tf_rel\">\n\t\t\t<div  data-lazy=\"1\" class=\"module_column tb-column col4-2 first tb_8hck347 tf_box\">\n\t\t\t    \t        <div class=\"tb-column-inner tf_box tf_w\">\n\t\t    <!-- module image -->\n<div  class=\"module module-image tb_7h9b347   image-top tf_mw\" data-lazy=\"1\">\n        <div class=\"image-wrap tf_rel tf_mw\">\n\t\t    <img loading=\"lazy\" decoding=\"async\" width=\"1000\" height=\"750\" src=\"https:\/\/www.petelekoescola.com.br\/colegio-em-joinville\/wp-content\/uploads\/2022\/09\/Aulas-Extracurriculares-Futebol-no-Colegio-em-Joinville-Peteleko.jpg\" class=\"wp-post-image wp-image-8931\" title=\"Aulas Extracurriculares - Futebol no Col\u00e9gio em Joinville Peteleko\" alt=\"Aulas Extracurriculares - Futebol no Col\u00e9gio em Joinville Peteleko\" srcset=\"https:\/\/www.petelekoescola.com.br\/colegio-em-joinville\/wp-content\/uploads\/2022\/09\/Aulas-Extracurriculares-Futebol-no-Colegio-em-Joinville-Peteleko.jpg 1000w, https:\/\/www.petelekoescola.com.br\/colegio-em-joinville\/wp-content\/uploads\/2022\/09\/Aulas-Extracurriculares-Futebol-no-Colegio-em-Joinville-Peteleko-300x225.jpg 300w, https:\/\/www.petelekoescola.com.br\/colegio-em-joinville\/wp-content\/uploads\/2022\/09\/Aulas-Extracurriculares-Futebol-no-Colegio-em-Joinville-Peteleko-768x576.jpg 768w\" sizes=\"(max-width: 1000px) 100vw, 1000px\" \/>\t\n\t\t<\/div>\n\t<!-- \/image-wrap -->\n    \n    \t<\/div>\n<!-- \/module image -->\t        <\/div>\n\t    \t<\/div>\n\t\t<div  data-lazy=\"1\" class=\"module_column tb-column col4-2 last tb_m21399 tf_box\">\n\t\t\t    \t        <div class=\"tb-column-inner tf_box tf_w\">\n\t\t    <!-- module text -->\n<div  class=\"module module-text tb_vh0f347   \" data-lazy=\"1\">\n        <div  class=\"tb_text_wrap\">\n    <p style=\"text-align: center;\"><span style=\"color: #4b567d;\">Futebol<\/span><\/p>\n    <\/div>\n<\/div>\n<!-- \/module text --><!-- module text -->\n<div  class=\"module module-text tb_bvpm347   \" data-lazy=\"1\">\n        <div  class=\"tb_text_wrap\">\n    <p style=\"color: #777777; font-family: Raleway; font-size: 13px;\"> <\/p>\n<p style=\"margin-bottom: 0px; color: #777777; font-family: Raleway; font-size: 13px;\"><strong>Objetivo geral<\/strong>: Trabalhar com a parte f\u00edsica e motora, com equil\u00edbrio corporal e at\u00e9 mesmo com o lado emocional, fazendo com que a crian\u00e7a extravase seus sentimentos, se exercite, melhore sua qualidade de vida e seus aspectos psicomotores.<\/p>    <\/div>\n<\/div>\n<!-- \/module text -->\t        <\/div>\n\t    \t<\/div>\n\t\t    <\/div>\n\t    <!-- \/row_inner -->\n\t<\/div>\n\t<!-- \/module_row -->\n\t<\/div>\n<!--\/themify_builder_content-->","protected":false},"excerpt":{"rendered":"<p>Atividades Extracurriculares Nossa miss\u00e3o \u00e9 despertar nas crian\u00e7as o gosto pelas descobertas, pela conviv\u00eancia e pelo saber, valorizando suas individualidades. Ballet Objetivo geral \u2013 Desenvolver o gosto pelas artes num todo: dan\u00e7a, m\u00fasica, teatro e interpreta\u00e7\u00e3o. Procurar mostrar que a delicadeza, gentileza e organiza\u00e7\u00e3o s\u00e3o importantes para que o grupo desenvolva todas as suas habilidades. [&hellip;]<\/p>\n","protected":false},"author":1,"featured_media":0,"parent":8163,"menu_order":0,"comment_status":"closed","ping_status":"closed","template":"","meta":{"footnotes":""},"yoast_head":"<!-- This site is optimized with the Yoast SEO plugin v19.6.1 - https:\/\/yoast.com\/wordpress\/plugins\/seo\/ -->\n<title>Atividades Extracurriculares - Col\u00e9gio Peteleko<\/title>\n<meta name=\"robots\" content=\"index, follow, max-snippet:-1, max-image-preview:large, max-video-preview:-1\" \/>\n<link rel=\"canonical\" href=\"https:\/\/www.petelekoescola.com.br\/colegio-em-joinville\/colegio-em-joinville\/atividades-extracurriculares\/\" \/>\n<meta property=\"og:locale\" content=\"pt_BR\" \/>\n<meta property=\"og:type\" content=\"article\" \/>\n<meta property=\"og:title\" content=\"Atividades Extracurriculares - Col\u00e9gio Peteleko\" \/>\n<meta property=\"og:description\" content=\"Atividades Extracurriculares Nossa miss\u00e3o \u00e9 despertar nas crian\u00e7as o gosto pelas descobertas, pela conviv\u00eancia e pelo saber, valorizando suas individualidades. Ballet Objetivo geral \u2013 Desenvolver o gosto pelas artes num todo: dan\u00e7a, m\u00fasica, teatro e interpreta\u00e7\u00e3o. Procurar mostrar que a delicadeza, gentileza e organiza\u00e7\u00e3o s\u00e3o importantes para que o grupo desenvolva todas as suas habilidades. [&hellip;]\" \/>\n<meta property=\"og:url\" content=\"https:\/\/www.petelekoescola.com.br\/colegio-em-joinville\/colegio-em-joinville\/atividades-extracurriculares\/\" \/>\n<meta property=\"og:site_name\" content=\"Col\u00e9gio Peteleko\" \/>\n<meta property=\"article:modified_time\" content=\"2022-09-15T12:21:43+00:00\" \/>\n<meta property=\"og:image\" content=\"http:\/\/www.petelekoescola.com.br\/colegio-em-joinville\/wp-content\/uploads\/2021\/11\/Kindergarten-28-120x120.png\" \/>\n<meta name=\"twitter:card\" content=\"summary_large_image\" \/>\n<meta name=\"twitter:label1\" content=\"Est. tempo de leitura\" \/>\n\t<meta name=\"twitter:data1\" content=\"2 minutos\" \/>\n<script type=\"application\/ld+json\" class=\"yoast-schema-graph\">{\"@context\":\"https:\/\/schema.org\",\"@graph\":[{\"@type\":\"WebPage\",\"@id\":\"https:\/\/www.petelekoescola.com.br\/colegio-em-joinville\/colegio-em-joinville\/atividades-extracurriculares\/\",\"url\":\"https:\/\/www.petelekoescola.com.br\/colegio-em-joinville\/colegio-em-joinville\/atividades-extracurriculares\/\",\"name\":\"Atividades Extracurriculares - Col\u00e9gio Peteleko\",\"isPartOf\":{\"@id\":\"https:\/\/www.petelekoescola.com.br\/colegio-em-joinville\/#website\"},\"datePublished\":\"2021-11-23T21:34:18+00:00\",\"dateModified\":\"2022-09-15T12:21:43+00:00\",\"breadcrumb\":{\"@id\":\"https:\/\/www.petelekoescola.com.br\/colegio-em-joinville\/colegio-em-joinville\/atividades-extracurriculares\/#breadcrumb\"},\"inLanguage\":\"pt-BR\",\"potentialAction\":[{\"@type\":\"ReadAction\",\"target\":[\"https:\/\/www.petelekoescola.com.br\/colegio-em-joinville\/colegio-em-joinville\/atividades-extracurriculares\/\"]}]},{\"@type\":\"BreadcrumbList\",\"@id\":\"https:\/\/www.petelekoescola.com.br\/colegio-em-joinville\/colegio-em-joinville\/atividades-extracurriculares\/#breadcrumb\",\"itemListElement\":[{\"@type\":\"ListItem\",\"position\":1,\"name\":\"Home\",\"item\":\"https:\/\/www.petelekoescola.com.br\/colegio-em-joinville\/\"},{\"@type\":\"ListItem\",\"position\":2,\"name\":\"In\u00edcio\",\"item\":\"https:\/\/www.petelekoescola.com.br\/colegio-em-joinville\/\"},{\"@type\":\"ListItem\",\"position\":3,\"name\":\"Atividades Extracurriculares\"}]},{\"@type\":\"WebSite\",\"@id\":\"https:\/\/www.petelekoescola.com.br\/colegio-em-joinville\/#website\",\"url\":\"https:\/\/www.petelekoescola.com.br\/colegio-em-joinville\/\",\"name\":\"Col\u00e9gio Peteleko\",\"description\":\"Col\u00e9gio Peteleko - Educa\u00e7\u00e3o com amor\",\"potentialAction\":[{\"@type\":\"SearchAction\",\"target\":{\"@type\":\"EntryPoint\",\"urlTemplate\":\"https:\/\/www.petelekoescola.com.br\/colegio-em-joinville\/?s={search_term_string}\"},\"query-input\":\"required name=search_term_string\"}],\"inLanguage\":\"pt-BR\"}]}<\/script>\n<!-- \/ Yoast SEO plugin. -->","yoast_head_json":{"title":"Atividades Extracurriculares - Col\u00e9gio Peteleko","robots":{"index":"index","follow":"follow","max-snippet":"max-snippet:-1","max-image-preview":"max-image-preview:large","max-video-preview":"max-video-preview:-1"},"canonical":"https:\/\/www.petelekoescola.com.br\/colegio-em-joinville\/colegio-em-joinville\/atividades-extracurriculares\/","og_locale":"pt_BR","og_type":"article","og_title":"Atividades Extracurriculares - Col\u00e9gio Peteleko","og_description":"Atividades Extracurriculares Nossa miss\u00e3o \u00e9 despertar nas crian\u00e7as o gosto pelas descobertas, pela conviv\u00eancia e pelo saber, valorizando suas individualidades. Ballet Objetivo geral \u2013 Desenvolver o gosto pelas artes num todo: dan\u00e7a, m\u00fasica, teatro e interpreta\u00e7\u00e3o. Procurar mostrar que a delicadeza, gentileza e organiza\u00e7\u00e3o s\u00e3o importantes para que o grupo desenvolva todas as suas habilidades. [&hellip;]","og_url":"https:\/\/www.petelekoescola.com.br\/colegio-em-joinville\/colegio-em-joinville\/atividades-extracurriculares\/","og_site_name":"Col\u00e9gio Peteleko","article_modified_time":"2022-09-15T12:21:43+00:00","og_image":[{"url":"http:\/\/www.petelekoescola.com.br\/colegio-em-joinville\/wp-content\/uploads\/2021\/11\/Kindergarten-28-120x120.png"}],"twitter_card":"summary_large_image","twitter_misc":{"Est. tempo de leitura":"2 minutos"},"schema":{"@context":"https:\/\/schema.org","@graph":[{"@type":"WebPage","@id":"https:\/\/www.petelekoescola.com.br\/colegio-em-joinville\/colegio-em-joinville\/atividades-extracurriculares\/","url":"https:\/\/www.petelekoescola.com.br\/colegio-em-joinville\/colegio-em-joinville\/atividades-extracurriculares\/","name":"Atividades Extracurriculares - Col\u00e9gio Peteleko","isPartOf":{"@id":"https:\/\/www.petelekoescola.com.br\/colegio-em-joinville\/#website"},"datePublished":"2021-11-23T21:34:18+00:00","dateModified":"2022-09-15T12:21:43+00:00","breadcrumb":{"@id":"https:\/\/www.petelekoescola.com.br\/colegio-em-joinville\/colegio-em-joinville\/atividades-extracurriculares\/#breadcrumb"},"inLanguage":"pt-BR","potentialAction":[{"@type":"ReadAction","target":["https:\/\/www.petelekoescola.com.br\/colegio-em-joinville\/colegio-em-joinville\/atividades-extracurriculares\/"]}]},{"@type":"BreadcrumbList","@id":"https:\/\/www.petelekoescola.com.br\/colegio-em-joinville\/colegio-em-joinville\/atividades-extracurriculares\/#breadcrumb","itemListElement":[{"@type":"ListItem","position":1,"name":"Home","item":"https:\/\/www.petelekoescola.com.br\/colegio-em-joinville\/"},{"@type":"ListItem","position":2,"name":"In\u00edcio","item":"https:\/\/www.petelekoescola.com.br\/colegio-em-joinville\/"},{"@type":"ListItem","position":3,"name":"Atividades Extracurriculares"}]},{"@type":"WebSite","@id":"https:\/\/www.petelekoescola.com.br\/colegio-em-joinville\/#website","url":"https:\/\/www.petelekoescola.com.br\/colegio-em-joinville\/","name":"Col\u00e9gio Peteleko","description":"Col\u00e9gio Peteleko - Educa\u00e7\u00e3o com amor","potentialAction":[{"@type":"SearchAction","target":{"@type":"EntryPoint","urlTemplate":"https:\/\/www.petelekoescola.com.br\/colegio-em-joinville\/?s={search_term_string}"},"query-input":"required name=search_term_string"}],"inLanguage":"pt-BR"}]}},"_links":{"self":[{"href":"https:\/\/www.petelekoescola.com.br\/colegio-em-joinville\/wp-json\/wp\/v2\/pages\/8365"}],"collection":[{"href":"https:\/\/www.petelekoescola.com.br\/colegio-em-joinville\/wp-json\/wp\/v2\/pages"}],"about":[{"href":"https:\/\/www.petelekoescola.com.br\/colegio-em-joinville\/wp-json\/wp\/v2\/types\/page"}],"author":[{"embeddable":true,"href":"https:\/\/www.petelekoescola.com.br\/colegio-em-joinville\/wp-json\/wp\/v2\/users\/1"}],"replies":[{"embeddable":true,"href":"https:\/\/www.petelekoescola.com.br\/colegio-em-joinville\/wp-json\/wp\/v2\/comments?post=8365"}],"version-history":[{"count":21,"href":"https:\/\/www.petelekoescola.com.br\/colegio-em-joinville\/wp-json\/wp\/v2\/pages\/8365\/revisions"}],"predecessor-version":[{"id":8932,"href":"https:\/\/www.petelekoescola.com.br\/colegio-em-joinville\/wp-json\/wp\/v2\/pages\/8365\/revisions\/8932"}],"up":[{"embeddable":true,"href":"https:\/\/www.petelekoescola.com.br\/colegio-em-joinville\/wp-json\/wp\/v2\/pages\/8163"}],"wp:attachment":[{"href":"https:\/\/www.petelekoescola.com.br\/colegio-em-joinville\/wp-json\/wp\/v2\/media?parent=8365"}],"curies":[{"name":"wp","href":"https:\/\/api.w.org\/{rel}","templated":true}]}}