{"id":8451,"date":"2021-11-25T16:23:11","date_gmt":"2021-11-25T19:23:11","guid":{"rendered":"http:\/\/www.petelekoescola.com.br\/colegio-em-joinville\/?page_id=8451"},"modified":"2022-09-14T08:25:59","modified_gmt":"2022-09-14T11:25:59","slug":"educacao-infantil-iii-iv-e-v","status":"publish","type":"page","link":"https:\/\/www.petelekoescola.com.br\/colegio-em-joinville\/colegio-em-joinville\/educacao-infantil-iii-iv-e-v\/","title":{"rendered":"Educa\u00e7\u00e3o Infantil III, IV e V"},"content":{"rendered":"<!--themify_builder_content-->\n<div id=\"themify_builder_content-8451\" data-postid=\"8451\" class=\"themify_builder_content themify_builder_content-8451 themify_builder tf_clear\">\n    \t<!-- module_row -->\n\t<div  data-lazy=\"1\" class=\"module_row themify_builder_row repeat tb_xf5s714 tb_first tf_clearfix\" >\n\t    \t\t<div class=\"row_inner col_align_top col-count-1 tf_box tf_w tf_rel\">\n\t\t\t<div  data-lazy=\"1\" class=\"module_column tb-column col-full first tb_d7on715 tf_box\">\n\t\t\t    \t        <div class=\"tb-column-inner tf_box tf_w\">\n\t\t    <!-- module image -->\n<div  class=\"module module-image tb_vzsh336 circle  image-center tf_mw\" data-lazy=\"1\">\n        <div class=\"image-wrap tf_rel tf_mw\">\n\t\t    <img loading=\"lazy\" decoding=\"async\" src=\"http:\/\/www.petelekoescola.com.br\/colegio-em-joinville\/wp-content\/uploads\/2021\/11\/Kindergarten-21.png\" width=\"120\" height=\"120\" title=\"Educa\u00e7\u00e3o Infantil III, IV e V\" alt=\"Educa\u00e7\u00e3o Infantil III, IV e V\">\t\n\t\t<\/div>\n\t<!-- \/image-wrap -->\n    \n    \t<div class=\"image-content\">\n\t    \t\t\t<h3 class=\"image-title\">\n\t\t\t\t\t\t\t\t\tEduca\u00e7\u00e3o Infantil III, IV e V\t\t\t\t\t\t\t<\/h3>\n\t    \n\t    \t<\/div>\n\t<!-- \/image-content -->\n    \t<\/div>\n<!-- \/module image -->\t        <\/div>\n\t    \t<\/div>\n\t\t    <\/div>\n\t    <!-- \/row_inner -->\n\t<\/div>\n\t<!-- \/module_row -->\n\t\t<!-- module_row -->\n\t<div  data-css_id=\"bitb841\" data-lazy=\"1\" class=\"module_row themify_builder_row repeat fullwidth tb_bitb841 tf_clearfix\" >\n\t    \t\t<div class=\"row_inner col_align_bottom col-count-2 tf_box tf_w tf_rel\">\n\t\t\t<div  data-lazy=\"1\" class=\"module_column tb-column col4-2 first tb_iaku843 tf_box\">\n\t\t\t    \t        <div class=\"tb-column-inner tf_box tf_w\">\n\t\t    <!-- module text -->\n<div  class=\"module module-text tb_f3rj51   \" data-lazy=\"1\">\n        <div  class=\"tb_text_wrap\">\n    <h1 style=\"text-align: center;\"><span style=\"font-weight: normal;\">Compreende a faixa et\u00e1ria de 3 a 5 anos<\/span><\/h1>    <\/div>\n<\/div>\n<!-- \/module text --><!-- module text -->\n<div  class=\"module module-text tb_bia0687   \" data-lazy=\"1\">\n        <div  class=\"tb_text_wrap\">\n    <p style=\"text-align: center;\">As crian\u00e7as nesta idade t\u00eam liberdade para explorar todos os espa\u00e7os e materiais existentes na escola com a media\u00e7\u00e3o do Educador. <\/p>    <\/div>\n<\/div>\n<!-- \/module text -->\t        <\/div>\n\t    \t<\/div>\n\t\t<div  data-lazy=\"1\" class=\"module_column tb-column col4-2 last tb_wttk846 tf_box\">\n\t\t\t    \t        <div class=\"tb-column-inner tf_box tf_w\">\n\t\t    <!-- module image -->\n<div  class=\"module module-image tb_6fph846   image-left auto_fullwidth tf_mw wow\" data-tf-animation=\"fadeInRight\" data-lazy=\"1\">\n        <div class=\"image-wrap tf_rel tf_mw\">\n\t\t    <img loading=\"lazy\" decoding=\"async\" src=\"https:\/\/www.petelekoescola.com.br\/colegio-em-joinville\/wp-content\/uploads\/2022\/09\/Educacai-Infantil-III-IV-e-V-1-1000x750.jpg\" width=\"1000\" height=\"750\" class=\"wp-post-image wp-image-8916\" title=\"Educa\u00e7\u00e3i Infantil III , IV e V (1)\" alt=\"Educa\u00e7\u00e3i Infantil III , IV e V (1)\" srcset=\"https:\/\/www.petelekoescola.com.br\/colegio-em-joinville\/wp-content\/uploads\/2022\/09\/Educacai-Infantil-III-IV-e-V-1-1000x750.jpg 1000w, https:\/\/www.petelekoescola.com.br\/colegio-em-joinville\/wp-content\/uploads\/2022\/09\/Educacai-Infantil-III-IV-e-V-1-300x225.jpg 300w, https:\/\/www.petelekoescola.com.br\/colegio-em-joinville\/wp-content\/uploads\/2022\/09\/Educacai-Infantil-III-IV-e-V-1-1024x768.jpg 1024w, https:\/\/www.petelekoescola.com.br\/colegio-em-joinville\/wp-content\/uploads\/2022\/09\/Educacai-Infantil-III-IV-e-V-1-768x576.jpg 768w, https:\/\/www.petelekoescola.com.br\/colegio-em-joinville\/wp-content\/uploads\/2022\/09\/Educacai-Infantil-III-IV-e-V-1.jpg 1280w\" sizes=\"(max-width: 1000px) 100vw, 1000px\" \/>\t\n\t\t<\/div>\n\t<!-- \/image-wrap -->\n    \n    \t<\/div>\n<!-- \/module image -->\t        <\/div>\n\t    \t<\/div>\n\t\t    <\/div>\n\t    <!-- \/row_inner -->\n\t<\/div>\n\t<!-- \/module_row -->\n\t\t<!-- module_row -->\n\t<div  data-css_id=\"o6d5841\" data-lazy=\"1\" class=\"module_row themify_builder_row fullwidth tb_o6d5841 tf_clearfix\" >\n\t    \t\t<div class=\"row_inner col_align_middle gutter-none col-count-2 tf_box tf_w tf_rel\"  data-mobile_dir=\"rtl\">\n\t\t\t<div  data-lazy=\"1\" class=\"module_column tb-column col4-2 first tb_wy87848 repeat tf_box\">\n\t\t\t    \t        <div class=\"tb-column-inner tf_box tf_w\">\n\t\t    <!-- module image -->\n<div  class=\"module module-image tb_4ehk863   image-left auto_fullwidth tf_mw wow\" data-tf-animation=\"fadeInRight\" data-lazy=\"1\">\n        <div class=\"image-wrap tf_rel tf_mw\">\n\t\t    <img loading=\"lazy\" decoding=\"async\" src=\"https:\/\/www.petelekoescola.com.br\/colegio-em-joinville\/wp-content\/uploads\/2022\/09\/Educacai-Infantil-III-IV-e-V-2-1000x750.jpg\" width=\"1000\" height=\"750\" class=\"wp-post-image wp-image-8917\" title=\"Educa\u00e7\u00e3i Infantil III , IV e V (2)\" alt=\"Educa\u00e7\u00e3i Infantil III , IV e V (2)\" srcset=\"https:\/\/www.petelekoescola.com.br\/colegio-em-joinville\/wp-content\/uploads\/2022\/09\/Educacai-Infantil-III-IV-e-V-2-1000x750.jpg 1000w, https:\/\/www.petelekoescola.com.br\/colegio-em-joinville\/wp-content\/uploads\/2022\/09\/Educacai-Infantil-III-IV-e-V-2-300x225.jpg 300w, https:\/\/www.petelekoescola.com.br\/colegio-em-joinville\/wp-content\/uploads\/2022\/09\/Educacai-Infantil-III-IV-e-V-2-1024x768.jpg 1024w, https:\/\/www.petelekoescola.com.br\/colegio-em-joinville\/wp-content\/uploads\/2022\/09\/Educacai-Infantil-III-IV-e-V-2-768x576.jpg 768w, https:\/\/www.petelekoescola.com.br\/colegio-em-joinville\/wp-content\/uploads\/2022\/09\/Educacai-Infantil-III-IV-e-V-2-1536x1152.jpg 1536w, https:\/\/www.petelekoescola.com.br\/colegio-em-joinville\/wp-content\/uploads\/2022\/09\/Educacai-Infantil-III-IV-e-V-2-2048x1536.jpg 2048w\" sizes=\"(max-width: 1000px) 100vw, 1000px\" \/>\t\n\t\t<\/div>\n\t<!-- \/image-wrap -->\n    \n    \t<\/div>\n<!-- \/module image -->\t        <\/div>\n\t    \t<\/div>\n\t\t<div  data-lazy=\"1\" class=\"module_column tb-column col4-2 last tb_0kzb854 tf_box\">\n\t\t\t    \t        <div class=\"tb-column-inner tf_box tf_w\">\n\t\t    <!-- module text -->\n<div  class=\"module module-text tb_hcvg387   \" data-lazy=\"1\">\n        <div  class=\"tb_text_wrap\">\n    <p style=\"text-align: center;\">A escola oferece \u00e0 crian\u00e7a um ambiente rico e estimulador que provoca o conhecimento do mundo, de si mesma e dos outros.<\/p>    <\/div>\n<\/div>\n<!-- \/module text -->\t        <\/div>\n\t    \t<\/div>\n\t\t    <\/div>\n\t    <!-- \/row_inner -->\n\t<\/div>\n\t<!-- \/module_row -->\n\t\t<!-- module_row -->\n\t<div  data-css_id=\"vhjj841\" data-lazy=\"1\" class=\"module_row themify_builder_row fullwidth tb_vhjj841 tf_clearfix\" >\n\t    \t\t<div class=\"row_inner col_align_middle gutter-none col-count-2 tf_box tf_w tf_rel\">\n\t\t\t<div  data-lazy=\"1\" class=\"module_column tb-column col4-2 first tb_3th4857 repeat tf_box\">\n\t\t\t    \t        <div class=\"tb-column-inner tf_box tf_w\">\n\t\t    <!-- module text -->\n<div  class=\"module module-text tb_2zqz65   \" data-lazy=\"1\">\n        <div  class=\"tb_text_wrap\">\n    <h2 style=\"text-align: center;\"><span style=\"font-weight: normal;\">Planejado<\/span><\/h2>    <\/div>\n<\/div>\n<!-- \/module text --><!-- module text -->\n<div  class=\"module module-text tb_yjgv940   \" data-lazy=\"1\">\n        <div  class=\"tb_text_wrap\">\n    <p style=\"text-align: center;\"> Todos os ambientes da Educa\u00e7\u00e3o Infantil foram pensados para oferecer conforto, seguran\u00e7a, aconchego e divers\u00e3o para as crian\u00e7as.<\/p>    <\/div>\n<\/div>\n<!-- \/module text -->\t        <\/div>\n\t    \t<\/div>\n\t\t<div  data-lazy=\"1\" class=\"module_column tb-column col4-2 last tb_dj8l858 repeat tf_box\">\n\t\t\t    \t        <div class=\"tb-column-inner tf_box tf_w\">\n\t\t    <!-- module image -->\n<div  class=\"module module-image tb_q2c5261   image-left auto_fullwidth tf_mw wow\" data-tf-animation=\"fadeInRight\" data-lazy=\"1\">\n        <div class=\"image-wrap tf_rel tf_mw\">\n\t\t    <img loading=\"lazy\" decoding=\"async\" src=\"https:\/\/www.petelekoescola.com.br\/colegio-em-joinville\/wp-content\/uploads\/2022\/09\/Educacai-Infantil-III-IV-e-V-3-1000x750.jpg\" width=\"1000\" height=\"750\" class=\"wp-post-image wp-image-8918\" title=\"Educa\u00e7\u00e3i Infantil III , IV e V (3)\" alt=\"Educa\u00e7\u00e3i Infantil III , IV e V (3)\" srcset=\"https:\/\/www.petelekoescola.com.br\/colegio-em-joinville\/wp-content\/uploads\/2022\/09\/Educacai-Infantil-III-IV-e-V-3-1000x750.jpg 1000w, https:\/\/www.petelekoescola.com.br\/colegio-em-joinville\/wp-content\/uploads\/2022\/09\/Educacai-Infantil-III-IV-e-V-3-300x225.jpg 300w, https:\/\/www.petelekoescola.com.br\/colegio-em-joinville\/wp-content\/uploads\/2022\/09\/Educacai-Infantil-III-IV-e-V-3-1024x768.jpg 1024w, https:\/\/www.petelekoescola.com.br\/colegio-em-joinville\/wp-content\/uploads\/2022\/09\/Educacai-Infantil-III-IV-e-V-3-768x576.jpg 768w, https:\/\/www.petelekoescola.com.br\/colegio-em-joinville\/wp-content\/uploads\/2022\/09\/Educacai-Infantil-III-IV-e-V-3-1536x1152.jpg 1536w, https:\/\/www.petelekoescola.com.br\/colegio-em-joinville\/wp-content\/uploads\/2022\/09\/Educacai-Infantil-III-IV-e-V-3-2048x1536.jpg 2048w\" sizes=\"(max-width: 1000px) 100vw, 1000px\" \/>\t\n\t\t<\/div>\n\t<!-- \/image-wrap -->\n    \n    \t<\/div>\n<!-- \/module image -->\t        <\/div>\n\t    \t<\/div>\n\t\t    <\/div>\n\t    <!-- \/row_inner -->\n\t<\/div>\n\t<!-- \/module_row -->\n\t\t<!-- module_row -->\n\t<div  data-lazy=\"1\" class=\"module_row themify_builder_row tb_dvs1841 tf_clearfix\" >\n\t    \t\t<div class=\"row_inner col_align_top col-count-1 tf_box tf_w tf_rel\">\n\t\t\t<div  data-lazy=\"1\" class=\"module_column tb-column col-full first tb_8bq9862 tf_box\">\n\t\t\t    \t        <div class=\"tb-column-inner tf_box tf_w\">\n\t\t    <!-- module text -->\n<div  class=\"module module-text tb_s4xd586   \" data-lazy=\"1\">\n        <div  class=\"tb_text_wrap\">\n    <p style=\"text-align: center;\"> <span style=\"font-size: 1.7em; letter-spacing: -0.01em; background-color: initial;\">Estrutura<\/span><\/p>    <\/div>\n<\/div>\n<!-- \/module text --><!-- module text -->\n<div  class=\"module module-text tb_uzht192   \" data-lazy=\"1\">\n        <div  class=\"tb_text_wrap\">\n    <ul>\n<li>N\u00famero limitado de crian\u00e7as por turma <\/li>\n<li>Salas amplas, arejadas e climatizadas<\/li>\n<li>Salas de brinquedos<\/li>\n<li>Biblioteca<\/li>\n<li>Quadras de esportes<\/li>\n<li>Espa\u00e7os alternativos cobertos e ao ar livre<\/li>\n<li>\u00c1rea verde<\/li>\n<li>Parque amplo com brinquedos variados e seguros<\/li>\n<li>Aulas curriculares de Ingl\u00eas, Educa\u00e7\u00e3o F\u00edsica e Musicaliza\u00e7\u00e3o<\/li>\n<li>Aulas extracurriculares: ballet, capoeira e futebol<\/li>\n<li>Cozinha experimental<\/li>\n<li>Recursos pedag\u00f3gicos diversificados<\/li>\n<li>Passeios recreativos e de estudo<\/li>\n<li>Acesso exclusivo para as crian\u00e7as da Educa\u00e7\u00e3o Infantil<\/li>\n<li>Avalia\u00e7\u00e3o semestral<\/li>\n<li>Eventos<\/li>\n<\/ul>    <\/div>\n<\/div>\n<!-- \/module text -->\t        <\/div>\n\t    \t<\/div>\n\t\t    <\/div>\n\t    <!-- \/row_inner -->\n\t<\/div>\n\t<!-- \/module_row -->\n\t\t<!-- module_row -->\n\t<div  data-lazy=\"1\" class=\"module_row themify_builder_row repeat tb_sr4t8 tf_clearfix\" >\n\t    \t\t<div class=\"row_inner col_align_top col-count-1 tf_box tf_w tf_rel\">\n\t\t\t<div  data-lazy=\"1\" class=\"module_column tb-column col-full first tb_21wb9 tf_box\">\n\t\t\t    \t        <div class=\"tb-column-inner tf_box tf_w\">\n\t\t    <!-- module text -->\n<div  class=\"module module-text tb_lq50421   \" data-lazy=\"1\">\n        <div  class=\"tb_text_wrap\">\n    <h2 style=\"text-align: center;\"><span style=\"color: #60ccf7; font-weight: normal; font-family: 'Caveat Brush';\">Turmas nos Per\u00edodos<\/span><\/h2>\n<h2 style=\"text-align: center;\"><span style=\"font-weight: normal; font-family: Caveat;\">Matutino<br><\/span><span style=\"font-weight: normal; font-family: Caveat;\">Vespertino<br><\/span><span style=\"font-weight: normal; font-family: Caveat;\">Integral<\/span><\/h2>    <\/div>\n<\/div>\n<!-- \/module text --><!-- module buttons -->\n<div  class=\"module module-buttons tb_0ex3181 buttons-horizontal solid  circle tf_textc\" data-lazy=\"1\">\n    \t<div class=\"module-buttons-item tf_inline_b\">\n\t\t\t\t\t\t\t<a href=\"https:\/\/www.petelekoescola.com.br\/colegio-em-joinville\/#contato\" class=\"ui builder_button green\" >\n\t\t\t\t\t\t\t\t\t\t\t<span class=\"tf_inline_b tf_vmiddle\">SAIBA MAIS<\/span>\n\t\t\t\t\t\t\t\t\t\t\t<\/a>\n\t\t\t    \t<\/div>\n\t<\/div>\n<!-- \/module buttons -->\n\t        <\/div>\n\t    \t<\/div>\n\t\t    <\/div>\n\t    <!-- \/row_inner -->\n\t<\/div>\n\t<!-- \/module_row -->\n\t<\/div>\n<!--\/themify_builder_content-->","protected":false},"excerpt":{"rendered":"<p>Educa\u00e7\u00e3o Infantil III, IV e V Compreende a faixa et\u00e1ria de 3 a 5 anos As crian\u00e7as nesta idade t\u00eam liberdade para explorar todos os espa\u00e7os e materiais existentes na escola com a media\u00e7\u00e3o do Educador. A escola oferece \u00e0 crian\u00e7a um ambiente rico e estimulador que provoca o conhecimento do mundo, de si mesma [&hellip;]<\/p>\n","protected":false},"author":1,"featured_media":0,"parent":8163,"menu_order":0,"comment_status":"closed","ping_status":"closed","template":"","meta":{"footnotes":""},"yoast_head":"<!-- This site is optimized with the Yoast SEO plugin v19.6.1 - https:\/\/yoast.com\/wordpress\/plugins\/seo\/ -->\n<title>Educa\u00e7\u00e3o Infantil III, IV e V - Col\u00e9gio Peteleko<\/title>\n<meta name=\"robots\" content=\"index, follow, max-snippet:-1, max-image-preview:large, max-video-preview:-1\" \/>\n<link rel=\"canonical\" href=\"https:\/\/www.petelekoescola.com.br\/colegio-em-joinville\/colegio-em-joinville\/educacao-infantil-iii-iv-e-v\/\" \/>\n<meta property=\"og:locale\" content=\"pt_BR\" \/>\n<meta property=\"og:type\" content=\"article\" \/>\n<meta property=\"og:title\" content=\"Educa\u00e7\u00e3o Infantil III, IV e V - Col\u00e9gio Peteleko\" \/>\n<meta property=\"og:description\" content=\"Educa\u00e7\u00e3o Infantil III, IV e V Compreende a faixa et\u00e1ria de 3 a 5 anos As crian\u00e7as nesta idade t\u00eam liberdade para explorar todos os espa\u00e7os e materiais existentes na escola com a media\u00e7\u00e3o do Educador. A escola oferece \u00e0 crian\u00e7a um ambiente rico e estimulador que provoca o conhecimento do mundo, de si mesma [&hellip;]\" \/>\n<meta property=\"og:url\" content=\"https:\/\/www.petelekoescola.com.br\/colegio-em-joinville\/colegio-em-joinville\/educacao-infantil-iii-iv-e-v\/\" \/>\n<meta property=\"og:site_name\" content=\"Col\u00e9gio Peteleko\" \/>\n<meta property=\"article:modified_time\" content=\"2022-09-14T11:25:59+00:00\" \/>\n<meta property=\"og:image\" content=\"http:\/\/www.petelekoescola.com.br\/colegio-em-joinville\/wp-content\/uploads\/2021\/11\/Kindergarten-21-120x120.png\" \/>\n<meta name=\"twitter:card\" content=\"summary_large_image\" \/>\n<meta name=\"twitter:label1\" content=\"Est. tempo de leitura\" \/>\n\t<meta name=\"twitter:data1\" content=\"2 minutos\" \/>\n<script type=\"application\/ld+json\" class=\"yoast-schema-graph\">{\"@context\":\"https:\/\/schema.org\",\"@graph\":[{\"@type\":\"WebPage\",\"@id\":\"https:\/\/www.petelekoescola.com.br\/colegio-em-joinville\/colegio-em-joinville\/educacao-infantil-iii-iv-e-v\/\",\"url\":\"https:\/\/www.petelekoescola.com.br\/colegio-em-joinville\/colegio-em-joinville\/educacao-infantil-iii-iv-e-v\/\",\"name\":\"Educa\u00e7\u00e3o Infantil III, IV e V - Col\u00e9gio Peteleko\",\"isPartOf\":{\"@id\":\"https:\/\/www.petelekoescola.com.br\/colegio-em-joinville\/#website\"},\"datePublished\":\"2021-11-25T19:23:11+00:00\",\"dateModified\":\"2022-09-14T11:25:59+00:00\",\"breadcrumb\":{\"@id\":\"https:\/\/www.petelekoescola.com.br\/colegio-em-joinville\/colegio-em-joinville\/educacao-infantil-iii-iv-e-v\/#breadcrumb\"},\"inLanguage\":\"pt-BR\",\"potentialAction\":[{\"@type\":\"ReadAction\",\"target\":[\"https:\/\/www.petelekoescola.com.br\/colegio-em-joinville\/colegio-em-joinville\/educacao-infantil-iii-iv-e-v\/\"]}]},{\"@type\":\"BreadcrumbList\",\"@id\":\"https:\/\/www.petelekoescola.com.br\/colegio-em-joinville\/colegio-em-joinville\/educacao-infantil-iii-iv-e-v\/#breadcrumb\",\"itemListElement\":[{\"@type\":\"ListItem\",\"position\":1,\"name\":\"Home\",\"item\":\"https:\/\/www.petelekoescola.com.br\/colegio-em-joinville\/\"},{\"@type\":\"ListItem\",\"position\":2,\"name\":\"In\u00edcio\",\"item\":\"https:\/\/www.petelekoescola.com.br\/colegio-em-joinville\/\"},{\"@type\":\"ListItem\",\"position\":3,\"name\":\"Educa\u00e7\u00e3o Infantil III, IV e V\"}]},{\"@type\":\"WebSite\",\"@id\":\"https:\/\/www.petelekoescola.com.br\/colegio-em-joinville\/#website\",\"url\":\"https:\/\/www.petelekoescola.com.br\/colegio-em-joinville\/\",\"name\":\"Col\u00e9gio Peteleko\",\"description\":\"Col\u00e9gio Peteleko - Educa\u00e7\u00e3o com amor\",\"potentialAction\":[{\"@type\":\"SearchAction\",\"target\":{\"@type\":\"EntryPoint\",\"urlTemplate\":\"https:\/\/www.petelekoescola.com.br\/colegio-em-joinville\/?s={search_term_string}\"},\"query-input\":\"required name=search_term_string\"}],\"inLanguage\":\"pt-BR\"}]}<\/script>\n<!-- \/ Yoast SEO plugin. -->","yoast_head_json":{"title":"Educa\u00e7\u00e3o Infantil III, IV e V - Col\u00e9gio Peteleko","robots":{"index":"index","follow":"follow","max-snippet":"max-snippet:-1","max-image-preview":"max-image-preview:large","max-video-preview":"max-video-preview:-1"},"canonical":"https:\/\/www.petelekoescola.com.br\/colegio-em-joinville\/colegio-em-joinville\/educacao-infantil-iii-iv-e-v\/","og_locale":"pt_BR","og_type":"article","og_title":"Educa\u00e7\u00e3o Infantil III, IV e V - Col\u00e9gio Peteleko","og_description":"Educa\u00e7\u00e3o Infantil III, IV e V Compreende a faixa et\u00e1ria de 3 a 5 anos As crian\u00e7as nesta idade t\u00eam liberdade para explorar todos os espa\u00e7os e materiais existentes na escola com a media\u00e7\u00e3o do Educador. A escola oferece \u00e0 crian\u00e7a um ambiente rico e estimulador que provoca o conhecimento do mundo, de si mesma [&hellip;]","og_url":"https:\/\/www.petelekoescola.com.br\/colegio-em-joinville\/colegio-em-joinville\/educacao-infantil-iii-iv-e-v\/","og_site_name":"Col\u00e9gio Peteleko","article_modified_time":"2022-09-14T11:25:59+00:00","og_image":[{"url":"http:\/\/www.petelekoescola.com.br\/colegio-em-joinville\/wp-content\/uploads\/2021\/11\/Kindergarten-21-120x120.png"}],"twitter_card":"summary_large_image","twitter_misc":{"Est. tempo de leitura":"2 minutos"},"schema":{"@context":"https:\/\/schema.org","@graph":[{"@type":"WebPage","@id":"https:\/\/www.petelekoescola.com.br\/colegio-em-joinville\/colegio-em-joinville\/educacao-infantil-iii-iv-e-v\/","url":"https:\/\/www.petelekoescola.com.br\/colegio-em-joinville\/colegio-em-joinville\/educacao-infantil-iii-iv-e-v\/","name":"Educa\u00e7\u00e3o Infantil III, IV e V - Col\u00e9gio Peteleko","isPartOf":{"@id":"https:\/\/www.petelekoescola.com.br\/colegio-em-joinville\/#website"},"datePublished":"2021-11-25T19:23:11+00:00","dateModified":"2022-09-14T11:25:59+00:00","breadcrumb":{"@id":"https:\/\/www.petelekoescola.com.br\/colegio-em-joinville\/colegio-em-joinville\/educacao-infantil-iii-iv-e-v\/#breadcrumb"},"inLanguage":"pt-BR","potentialAction":[{"@type":"ReadAction","target":["https:\/\/www.petelekoescola.com.br\/colegio-em-joinville\/colegio-em-joinville\/educacao-infantil-iii-iv-e-v\/"]}]},{"@type":"BreadcrumbList","@id":"https:\/\/www.petelekoescola.com.br\/colegio-em-joinville\/colegio-em-joinville\/educacao-infantil-iii-iv-e-v\/#breadcrumb","itemListElement":[{"@type":"ListItem","position":1,"name":"Home","item":"https:\/\/www.petelekoescola.com.br\/colegio-em-joinville\/"},{"@type":"ListItem","position":2,"name":"In\u00edcio","item":"https:\/\/www.petelekoescola.com.br\/colegio-em-joinville\/"},{"@type":"ListItem","position":3,"name":"Educa\u00e7\u00e3o Infantil III, IV e V"}]},{"@type":"WebSite","@id":"https:\/\/www.petelekoescola.com.br\/colegio-em-joinville\/#website","url":"https:\/\/www.petelekoescola.com.br\/colegio-em-joinville\/","name":"Col\u00e9gio Peteleko","description":"Col\u00e9gio Peteleko - Educa\u00e7\u00e3o com amor","potentialAction":[{"@type":"SearchAction","target":{"@type":"EntryPoint","urlTemplate":"https:\/\/www.petelekoescola.com.br\/colegio-em-joinville\/?s={search_term_string}"},"query-input":"required name=search_term_string"}],"inLanguage":"pt-BR"}]}},"_links":{"self":[{"href":"https:\/\/www.petelekoescola.com.br\/colegio-em-joinville\/wp-json\/wp\/v2\/pages\/8451"}],"collection":[{"href":"https:\/\/www.petelekoescola.com.br\/colegio-em-joinville\/wp-json\/wp\/v2\/pages"}],"about":[{"href":"https:\/\/www.petelekoescola.com.br\/colegio-em-joinville\/wp-json\/wp\/v2\/types\/page"}],"author":[{"embeddable":true,"href":"https:\/\/www.petelekoescola.com.br\/colegio-em-joinville\/wp-json\/wp\/v2\/users\/1"}],"replies":[{"embeddable":true,"href":"https:\/\/www.petelekoescola.com.br\/colegio-em-joinville\/wp-json\/wp\/v2\/comments?post=8451"}],"version-history":[{"count":16,"href":"https:\/\/www.petelekoescola.com.br\/colegio-em-joinville\/wp-json\/wp\/v2\/pages\/8451\/revisions"}],"predecessor-version":[{"id":8919,"href":"https:\/\/www.petelekoescola.com.br\/colegio-em-joinville\/wp-json\/wp\/v2\/pages\/8451\/revisions\/8919"}],"up":[{"embeddable":true,"href":"https:\/\/www.petelekoescola.com.br\/colegio-em-joinville\/wp-json\/wp\/v2\/pages\/8163"}],"wp:attachment":[{"href":"https:\/\/www.petelekoescola.com.br\/colegio-em-joinville\/wp-json\/wp\/v2\/media?parent=8451"}],"curies":[{"name":"wp","href":"https:\/\/api.w.org\/{rel}","templated":true}]}}